{"id":109,"date":"2023-02-08T20:54:48","date_gmt":"2023-02-08T20:54:48","guid":{"rendered":"http:\/\/fundacionofreceunhogar.org\/?page_id=109"},"modified":"2023-02-08T20:54:48","modified_gmt":"2023-02-08T20:54:48","slug":"contactanos","status":"publish","type":"page","link":"https:\/\/fundacionofreceunhogar.org\/index.php\/contactanos\/","title":{"rendered":"Cont\u00e1ctanos"},"content":{"rendered":"<h3>Hogar para todos<\/h3>\n<h1>Cont\u00e1ctanos para brindarte una mano amiga<\/h1>\n<h4>Tel\u00e9fonos administraci\u00f3n<\/h4>\n<p><a href=\"tel:+5072258440\">\u00a0<\/a><\/p>\n<p><a href=\"tel:+5072258440\"><br \/>\n+507 225-8440 <\/a><\/p>\n<p><a href=\"tel:+5072270122\">\u00a0<\/a><\/p>\n<p><a href=\"tel:+5072270122\"><br \/>\n+507 227-0122<\/a><\/p>\n<p><a href=\"tel:+50765312194\"><br \/>\n+507 6531-2194 <\/a><\/p>\n<h4>Hogar Divino Ni\u00f1o<\/h4>\n<p><a href=\"tel:+507%203179054\">\u00a0<\/a><\/p>\n<p><a href=\"tel:+507%203179054\"><br \/>\n+507 317-9054\/55 <\/a><\/p>\n<p><a href=\"mailto:fundacionofrece@hotmail.com\">\u00a0<\/a><\/p>\n<p><a href=\"mailto:fundacionofrece@hotmail.com\"><br \/>\nfundacionofrece@hotmail.com <\/a><\/p>\n<p>Calle Dos Bocas Casa No.6404, Anc\u00f3n, Los R\u00edos, Ciudad de Panam\u00e1<\/p>\n<h4>Hogar Mar\u00eda Guadalupe<\/h4>\n<p><a href=\"tel:+507%2065312194\">\u00a0<\/a><\/p>\n<p><a href=\"tel:+507%2065312194\"><br \/>\n+507 6531-2194 <\/a><\/p>\n<p><a href=\"mailto:fundacionofrece@hotmail.com\">\u00a0<\/a><\/p>\n<p><a href=\"mailto:fundacionofrece@hotmail.com\"><br \/>\nfundacionofrece@hotmail.com <\/a><\/p>\n<p>Calle Jos\u00e9 Mar\u00eda Alem\u00e1n, Casa No.6262, Anc\u00f3n, Ciudad de Panam\u00e1<\/p>\n<p><iframe title=\"HOGAR DIVINO NI\u00d1O, hogar maria guadalupe\" src=\"https:\/\/maps.google.com\/maps?q=HOGAR%20DIVINO%20NI%C3%91O%2C%20hogar%20maria%20guadalupe&amp;t=m&amp;z=16&amp;output=embed&amp;iwloc=near\" aria-label=\"HOGAR DIVINO NI\u00d1O, hogar maria guadalupe\"><\/iframe><\/p>\n","protected":false},"excerpt":{"rendered":"<p>Hogar para todos Cont\u00e1ctanos para brindarte una mano amiga Tel\u00e9fonos administraci\u00f3n \u00a0 +507 225-8440 \u00a0 +507 227-0122 +507 6531-2194 Hogar [&hellip;]<\/p>\n","protected":false},"author":2,"featured_media":0,"parent":0,"menu_order":0,"comment_status":"closed","ping_status":"closed","template":"","meta":{"site-sidebar-layout":"no-sidebar","site-content-layout":"page-builder","ast-site-content-layout":"full-width-container","site-content-style":"unboxed","site-sidebar-style":"unboxed","ast-global-header-display":"","ast-banner-title-visibility":"","ast-main-header-display":"","ast-hfb-above-header-display":"","ast-hfb-below-header-display":"","ast-hfb-mobile-header-display":"","site-post-title":"disabled","ast-breadcrumbs-content":"","ast-featured-img":"disabled","footer-sml-layout":"","ast-disable-related-posts":"","theme-transparent-header-meta":"","adv-header-id-meta":"","stick-header-meta":"","header-above-stick-meta":"","header-main-stick-meta":"","header-below-stick-meta":"","astra-migrate-meta-layouts":"set","ast-page-background-enabled":"default","ast-page-background-meta":{"desktop":{"background-color":"var(--ast-global-color-4)","background-image":"","background-repeat":"repeat","background-position":"center center","background-size":"auto","background-attachment":"scroll","background-type":"","background-media":"","overlay-type":"","overlay-color":"","overlay-opacity":"","overlay-gradient":""},"tablet":{"background-color":"","background-image":"","background-repeat":"repeat","background-position":"center center","background-size":"auto","background-attachment":"scroll","background-type":"","background-media":"","overlay-type":"","overlay-color":"","overlay-opacity":"","overlay-gradient":""},"mobile":{"background-color":"","background-image":"","background-repeat":"repeat","background-position":"center center","background-size":"auto","background-attachment":"scroll","background-type":"","background-media":"","overlay-type":"","overlay-color":"","overlay-opacity":"","overlay-gradient":""}},"ast-content-background-meta":{"desktop":{"background-color":"var(--ast-global-color-5)","background-image":"","background-repeat":"repeat","background-position":"center center","background-size":"auto","background-attachment":"scroll","background-type":"","background-media":"","overlay-type":"","overlay-color":"","overlay-opacity":"","overlay-gradient":""},"tablet":{"background-color":"var(--ast-global-color-5)","background-image":"","background-repeat":"repeat","background-position":"center center","background-size":"auto","background-attachment":"scroll","background-type":"","background-media":"","overlay-type":"","overlay-color":"","overlay-opacity":"","overlay-gradient":""},"mobile":{"background-color":"var(--ast-global-color-5)","background-image":"","background-repeat":"repeat","background-position":"center center","background-size":"auto","background-attachment":"scroll","background-type":"","background-media":"","overlay-type":"","overlay-color":"","overlay-opacity":"","overlay-gradient":""}},"footnotes":""},"class_list":["post-109","page","type-page","status-publish","hentry"],"yoast_head":"<!-- This site is optimized with the Yoast SEO plugin v27.5 - https:\/\/yoast.com\/product\/yoast-seo-wordpress\/ -->\n<title>Cont\u00e1ctanos - My Shop<\/title>\n<meta name=\"description\" content=\"Cont\u00e1ctanos trabajamos para garantizar la atenci\u00f3n integral a nuestros infantes y adolescentes \u00a1Estamos a tu disposici\u00f3n!\" \/>\n<meta name=\"robots\" content=\"index, follow, max-snippet:-1, max-image-preview:large, max-video-preview:-1\" \/>\n<link rel=\"canonical\" href=\"https:\/\/fundacionofreceunhogar.org\/index.php\/contactanos\/\" \/>\n<meta property=\"og:locale\" content=\"es_ES\" \/>\n<meta property=\"og:type\" content=\"article\" \/>\n<meta property=\"og:title\" content=\"Cont\u00e1ctanos - My Shop\" \/>\n<meta property=\"og:description\" content=\"Cont\u00e1ctanos trabajamos para garantizar la atenci\u00f3n integral a nuestros infantes y adolescentes \u00a1Estamos a tu disposici\u00f3n!\" \/>\n<meta property=\"og:url\" content=\"https:\/\/fundacionofreceunhogar.org\/index.php\/contactanos\/\" \/>\n<meta property=\"og:site_name\" content=\"My Shop\" \/>\n<meta name=\"twitter:card\" content=\"summary_large_image\" \/>\n<meta name=\"twitter:label1\" content=\"Tiempo de lectura\" \/>\n\t<meta name=\"twitter:data1\" content=\"1 minuto\" \/>\n<script type=\"application\/ld+json\" class=\"yoast-schema-graph\">{\"@context\":\"https:\\\/\\\/schema.org\",\"@graph\":[{\"@type\":\"WebPage\",\"@id\":\"https:\\\/\\\/fundacionofreceunhogar.org\\\/index.php\\\/contactanos\\\/\",\"url\":\"https:\\\/\\\/fundacionofreceunhogar.org\\\/index.php\\\/contactanos\\\/\",\"name\":\"Cont\u00e1ctanos - My Shop\",\"isPartOf\":{\"@id\":\"https:\\\/\\\/fundacionofreceunhogar.org\\\/#website\"},\"datePublished\":\"2023-02-08T20:54:48+00:00\",\"description\":\"Cont\u00e1ctanos trabajamos para garantizar la atenci\u00f3n integral a nuestros infantes y adolescentes \u00a1Estamos a tu disposici\u00f3n!\",\"breadcrumb\":{\"@id\":\"https:\\\/\\\/fundacionofreceunhogar.org\\\/index.php\\\/contactanos\\\/#breadcrumb\"},\"inLanguage\":\"es\",\"potentialAction\":[{\"@type\":\"ReadAction\",\"target\":[\"https:\\\/\\\/fundacionofreceunhogar.org\\\/index.php\\\/contactanos\\\/\"]}]},{\"@type\":\"BreadcrumbList\",\"@id\":\"https:\\\/\\\/fundacionofreceunhogar.org\\\/index.php\\\/contactanos\\\/#breadcrumb\",\"itemListElement\":[{\"@type\":\"ListItem\",\"position\":1,\"name\":\"Portada\",\"item\":\"https:\\\/\\\/fundacionofreceunhogar.org\\\/\"},{\"@type\":\"ListItem\",\"position\":2,\"name\":\"Cont\u00e1ctanos\"}]},{\"@type\":\"WebSite\",\"@id\":\"https:\\\/\\\/fundacionofreceunhogar.org\\\/#website\",\"url\":\"https:\\\/\\\/fundacionofreceunhogar.org\\\/\",\"name\":\"My Shop\",\"description\":\"\",\"potentialAction\":[{\"@type\":\"SearchAction\",\"target\":{\"@type\":\"EntryPoint\",\"urlTemplate\":\"https:\\\/\\\/fundacionofreceunhogar.org\\\/?s={search_term_string}\"},\"query-input\":{\"@type\":\"PropertyValueSpecification\",\"valueRequired\":true,\"valueName\":\"search_term_string\"}}],\"inLanguage\":\"es\"}]}<\/script>\n<!-- \/ Yoast SEO plugin. -->","yoast_head_json":{"title":"Cont\u00e1ctanos - My Shop","description":"Cont\u00e1ctanos trabajamos para garantizar la atenci\u00f3n integral a nuestros infantes y adolescentes \u00a1Estamos a tu disposici\u00f3n!","robots":{"index":"index","follow":"follow","max-snippet":"max-snippet:-1","max-image-preview":"max-image-preview:large","max-video-preview":"max-video-preview:-1"},"canonical":"https:\/\/fundacionofreceunhogar.org\/index.php\/contactanos\/","og_locale":"es_ES","og_type":"article","og_title":"Cont\u00e1ctanos - My Shop","og_description":"Cont\u00e1ctanos trabajamos para garantizar la atenci\u00f3n integral a nuestros infantes y adolescentes \u00a1Estamos a tu disposici\u00f3n!","og_url":"https:\/\/fundacionofreceunhogar.org\/index.php\/contactanos\/","og_site_name":"My Shop","twitter_card":"summary_large_image","twitter_misc":{"Tiempo de lectura":"1 minuto"},"schema":{"@context":"https:\/\/schema.org","@graph":[{"@type":"WebPage","@id":"https:\/\/fundacionofreceunhogar.org\/index.php\/contactanos\/","url":"https:\/\/fundacionofreceunhogar.org\/index.php\/contactanos\/","name":"Cont\u00e1ctanos - My Shop","isPartOf":{"@id":"https:\/\/fundacionofreceunhogar.org\/#website"},"datePublished":"2023-02-08T20:54:48+00:00","description":"Cont\u00e1ctanos trabajamos para garantizar la atenci\u00f3n integral a nuestros infantes y adolescentes \u00a1Estamos a tu disposici\u00f3n!","breadcrumb":{"@id":"https:\/\/fundacionofreceunhogar.org\/index.php\/contactanos\/#breadcrumb"},"inLanguage":"es","potentialAction":[{"@type":"ReadAction","target":["https:\/\/fundacionofreceunhogar.org\/index.php\/contactanos\/"]}]},{"@type":"BreadcrumbList","@id":"https:\/\/fundacionofreceunhogar.org\/index.php\/contactanos\/#breadcrumb","itemListElement":[{"@type":"ListItem","position":1,"name":"Portada","item":"https:\/\/fundacionofreceunhogar.org\/"},{"@type":"ListItem","position":2,"name":"Cont\u00e1ctanos"}]},{"@type":"WebSite","@id":"https:\/\/fundacionofreceunhogar.org\/#website","url":"https:\/\/fundacionofreceunhogar.org\/","name":"My Shop","description":"","potentialAction":[{"@type":"SearchAction","target":{"@type":"EntryPoint","urlTemplate":"https:\/\/fundacionofreceunhogar.org\/?s={search_term_string}"},"query-input":{"@type":"PropertyValueSpecification","valueRequired":true,"valueName":"search_term_string"}}],"inLanguage":"es"}]}},"_links":{"self":[{"href":"https:\/\/fundacionofreceunhogar.org\/index.php\/wp-json\/wp\/v2\/pages\/109","targetHints":{"allow":["GET"]}}],"collection":[{"href":"https:\/\/fundacionofreceunhogar.org\/index.php\/wp-json\/wp\/v2\/pages"}],"about":[{"href":"https:\/\/fundacionofreceunhogar.org\/index.php\/wp-json\/wp\/v2\/types\/page"}],"author":[{"embeddable":true,"href":"https:\/\/fundacionofreceunhogar.org\/index.php\/wp-json\/wp\/v2\/users\/2"}],"replies":[{"embeddable":true,"href":"https:\/\/fundacionofreceunhogar.org\/index.php\/wp-json\/wp\/v2\/comments?post=109"}],"version-history":[{"count":0,"href":"https:\/\/fundacionofreceunhogar.org\/index.php\/wp-json\/wp\/v2\/pages\/109\/revisions"}],"wp:attachment":[{"href":"https:\/\/fundacionofreceunhogar.org\/index.php\/wp-json\/wp\/v2\/media?parent=109"}],"curies":[{"name":"wp","href":"https:\/\/api.w.org\/{rel}","templated":true}]}}