{"id":683,"date":"2023-02-11T16:47:43","date_gmt":"2023-02-11T16:47:43","guid":{"rendered":"http:\/\/fundacionofreceunhogar.org\/?page_id=683"},"modified":"2023-02-11T16:47:43","modified_gmt":"2023-02-11T16:47:43","slug":"donar","status":"publish","type":"page","link":"https:\/\/fundacionofreceunhogar.org\/index.php\/donar\/","title":{"rendered":"Donar"},"content":{"rendered":"\t\t<div data-elementor-type=\"wp-page\" data-elementor-id=\"683\" class=\"elementor elementor-683\">\n\t\t\t\t\t\t<section class=\"elementor-section elementor-top-section elementor-element elementor-element-dd923ee elementor-section-boxed elementor-section-height-default elementor-section-height-default\" data-id=\"dd923ee\" data-element_type=\"section\" data-e-type=\"section\">\n\t\t\t\t\t\t<div class=\"elementor-container elementor-column-gap-default\">\n\t\t\t\t\t<div class=\"elementor-column elementor-col-16 elementor-top-column elementor-element elementor-element-c6caec5\" data-id=\"c6caec5\" data-element_type=\"column\" data-e-type=\"column\">\n\t\t\t<div class=\"elementor-widget-wrap\">\n\t\t\t\t\t\t\t<\/div>\n\t\t<\/div>\n\t\t\t\t<div class=\"elementor-column elementor-col-16 elementor-top-column elementor-element elementor-element-5d35af2\" data-id=\"5d35af2\" data-element_type=\"column\" data-e-type=\"column\">\n\t\t\t<div class=\"elementor-widget-wrap elementor-element-populated\">\n\t\t\t\t\t\t<div class=\"elementor-element elementor-element-08acb47 elementor-widget elementor-widget-heading\" data-id=\"08acb47\" data-element_type=\"widget\" data-e-type=\"widget\" data-widget_type=\"heading.default\">\n\t\t\t\t<div class=\"elementor-widget-container\">\n\t\t\t\t\t<h5 class=\"elementor-heading-title elementor-size-default\">Dona<\/h5>\t\t\t\t<\/div>\n\t\t\t\t<\/div>\n\t\t\t\t<div class=\"elementor-element elementor-element-75701a7 elementor-widget elementor-widget-heading\" data-id=\"75701a7\" data-element_type=\"widget\" data-e-type=\"widget\" data-widget_type=\"heading.default\">\n\t\t\t\t<div class=\"elementor-widget-container\">\n\t\t\t\t\t<h1 class=\"elementor-heading-title elementor-size-default\">Cambiemos <mark>vidas<\/mark>.<\/h1>\t\t\t\t<\/div>\n\t\t\t\t<\/div>\n\t\t\t\t<div class=\"elementor-element elementor-element-63f0d09 elementor-widget elementor-widget-text-editor\" data-id=\"63f0d09\" data-element_type=\"widget\" data-e-type=\"widget\" data-widget_type=\"text-editor.default\">\n\t\t\t\t<div class=\"elementor-widget-container\">\n\t\t\t\t\t\t\t\t\t<p>\u00danete a nuestra fundaci\u00f3n y ayuda a marcar una diferencia positiva en la vida de aquellos que m\u00e1s lo necesitan.<\/p><p>Convi\u00e9rtete en un Padrino y Madrina. Cada aporte que recibimos nos acerca a nuestro objetivo de brindar ayuda y apoyo a los bebes, ni\u00f1os, ni\u00f1as y adolescentes de nuestra Fundaci\u00f3n Ofrece un Hogar.<\/p><p><b>\u00a1Se parte de algo grande y significativo!<\/b><\/p>\t\t\t\t\t\t\t\t<\/div>\n\t\t\t\t<\/div>\n\t\t\t\t<div class=\"elementor-element elementor-element-a939c65 elementor-hidden-desktop elementor-hidden-tablet elementor-hidden-mobile elementor-widget elementor-widget-button\" data-id=\"a939c65\" data-element_type=\"widget\" data-e-type=\"widget\" data-widget_type=\"button.default\">\n\t\t\t\t<div class=\"elementor-widget-container\">\n\t\t\t\t\t\t\t\t\t<div class=\"elementor-button-wrapper\">\n\t\t\t\t\t<a class=\"elementor-button elementor-button-link elementor-size-sm\" href=\"https:\/\/fundacionofreceunhogar.org\/wp-content\/uploads\/2023\/03\/colaboracion-mensual-padrino-madrina-foh.pdf\" target=\"_blank\" rel=\"nofollow\" download=\"\">\n\t\t\t\t\t\t<span class=\"elementor-button-content-wrapper\">\n\t\t\t\t\t\t\t\t\t<span class=\"elementor-button-text\">Descargar formulario<\/span>\n\t\t\t\t\t<\/span>\n\t\t\t\t\t<\/a>\n\t\t\t\t<\/div>\n\t\t\t\t\t\t\t\t<\/div>\n\t\t\t\t<\/div>\n\t\t\t\t\t<\/div>\n\t\t<\/div>\n\t\t\t\t<div class=\"elementor-column elementor-col-66 elementor-top-column elementor-element elementor-element-dbe4623\" data-id=\"dbe4623\" data-element_type=\"column\" data-e-type=\"column\">\n\t\t\t<div class=\"elementor-widget-wrap\">\n\t\t\t\t\t\t\t<\/div>\n\t\t<\/div>\n\t\t\t\t\t<\/div>\n\t\t<\/section>\n\t\t\t\t<section class=\"elementor-section elementor-top-section elementor-element elementor-element-bbc5ef2 elementor-section-boxed elementor-section-height-default elementor-section-height-default\" data-id=\"bbc5ef2\" data-element_type=\"section\" data-e-type=\"section\">\n\t\t\t\t\t\t<div class=\"elementor-container elementor-column-gap-default\">\n\t\t\t\t\t<div class=\"elementor-column elementor-col-66 elementor-top-column elementor-element elementor-element-c6e99d9\" data-id=\"c6e99d9\" data-element_type=\"column\" data-e-type=\"column\">\n\t\t\t<div class=\"elementor-widget-wrap\">\n\t\t\t\t\t\t\t<\/div>\n\t\t<\/div>\n\t\t\t\t<div class=\"elementor-column elementor-col-16 elementor-top-column elementor-element elementor-element-1bff78d\" data-id=\"1bff78d\" data-element_type=\"column\" data-e-type=\"column\">\n\t\t\t<div class=\"elementor-widget-wrap elementor-element-populated\">\n\t\t\t\t\t\t<div class=\"elementor-element elementor-element-a8e45ce elementor-widget elementor-widget-form\" data-id=\"a8e45ce\" data-element_type=\"widget\" data-e-type=\"widget\" data-widget_type=\"form.default\">\n\t\t\t\t<div class=\"elementor-widget-container\">\n\t\t\t\t\t \t\t\t\t<\/div>\n\t\t\t\t<\/div>\n\t\t\t\t\t<\/div>\n\t\t<\/div>\n\t\t\t\t<div class=\"elementor-column elementor-col-16 elementor-top-column elementor-element elementor-element-c4a2596\" data-id=\"c4a2596\" data-element_type=\"column\" data-e-type=\"column\">\n\t\t\t<div class=\"elementor-widget-wrap\">\n\t\t\t\t\t\t\t<\/div>\n\t\t<\/div>\n\t\t\t\t\t<\/div>\n\t\t<\/section>\n\t\t\t\t<\/div>\n\t\t","protected":false},"excerpt":{"rendered":"<p>Dona Cambiemos vidas. \u00danete a nuestra fundaci\u00f3n y ayuda a marcar una diferencia positiva en la vida de aquellos que [&hellip;]<\/p>\n","protected":false},"author":2,"featured_media":1219,"parent":0,"menu_order":0,"comment_status":"closed","ping_status":"closed","template":"","meta":{"site-sidebar-layout":"no-sidebar","site-content-layout":"page-builder","ast-site-content-layout":"default","site-content-style":"default","site-sidebar-style":"default","ast-global-header-display":"","ast-banner-title-visibility":"","ast-main-header-display":"","ast-hfb-above-header-display":"","ast-hfb-below-header-display":"","ast-hfb-mobile-header-display":"","site-post-title":"disabled","ast-breadcrumbs-content":"","ast-featured-img":"","footer-sml-layout":"","ast-disable-related-posts":"","theme-transparent-header-meta":"","adv-header-id-meta":"","stick-header-meta":"","header-above-stick-meta":"","header-main-stick-meta":"","header-below-stick-meta":"","astra-migrate-meta-layouts":"default","ast-page-background-enabled":"default","ast-page-background-meta":{"desktop":{"background-color":"var(--ast-global-color-4)","background-image":"","background-repeat":"repeat","background-position":"center center","background-size":"auto","background-attachment":"scroll","background-type":"","background-media":"","overlay-type":"","overlay-color":"","overlay-opacity":"","overlay-gradient":""},"tablet":{"background-color":"","background-image":"","background-repeat":"repeat","background-position":"center center","background-size":"auto","background-attachment":"scroll","background-type":"","background-media":"","overlay-type":"","overlay-color":"","overlay-opacity":"","overlay-gradient":""},"mobile":{"background-color":"","background-image":"","background-repeat":"repeat","background-position":"center center","background-size":"auto","background-attachment":"scroll","background-type":"","background-media":"","overlay-type":"","overlay-color":"","overlay-opacity":"","overlay-gradient":""}},"ast-content-background-meta":{"desktop":{"background-color":"var(--ast-global-color-5)","background-image":"","background-repeat":"repeat","background-position":"center center","background-size":"auto","background-attachment":"scroll","background-type":"","background-media":"","overlay-type":"","overlay-color":"","overlay-opacity":"","overlay-gradient":""},"tablet":{"background-color":"var(--ast-global-color-5)","background-image":"","background-repeat":"repeat","background-position":"center center","background-size":"auto","background-attachment":"scroll","background-type":"","background-media":"","overlay-type":"","overlay-color":"","overlay-opacity":"","overlay-gradient":""},"mobile":{"background-color":"var(--ast-global-color-5)","background-image":"","background-repeat":"repeat","background-position":"center center","background-size":"auto","background-attachment":"scroll","background-type":"","background-media":"","overlay-type":"","overlay-color":"","overlay-opacity":"","overlay-gradient":""}},"footnotes":""},"class_list":["post-683","page","type-page","status-publish","has-post-thumbnail","hentry"],"yoast_head":"<!-- This site is optimized with the Yoast SEO plugin v27.5 - https:\/\/yoast.com\/product\/yoast-seo-wordpress\/ -->\n<title>Dona, ayuda a cambiar vidas: \u00a1Haz tu donaci\u00f3n hoy!<\/title>\n<meta name=\"description\" content=\"Tu donaci\u00f3n puede marcar la diferencia en la vida de quienes m\u00e1s lo necesitan. \u00danete a nosotros y ayuda a construirles un futuro mejor.\" \/>\n<meta name=\"robots\" content=\"index, follow, max-snippet:-1, max-image-preview:large, max-video-preview:-1\" \/>\n<link rel=\"canonical\" href=\"https:\/\/fundacionofreceunhogar.org\/index.php\/donar\/\" \/>\n<meta property=\"og:locale\" content=\"es_ES\" \/>\n<meta property=\"og:type\" content=\"article\" \/>\n<meta property=\"og:title\" content=\"Dona, ayuda a cambiar vidas: \u00a1Haz tu donaci\u00f3n hoy!\" \/>\n<meta property=\"og:description\" content=\"Tu donaci\u00f3n puede marcar la diferencia en la vida de quienes m\u00e1s lo necesitan. \u00danete a nosotros y ayuda a construirles un futuro mejor.\" \/>\n<meta property=\"og:url\" content=\"https:\/\/fundacionofreceunhogar.org\/index.php\/donar\/\" \/>\n<meta property=\"og:site_name\" content=\"My Shop\" \/>\n<meta name=\"twitter:card\" content=\"summary_large_image\" \/>\n<meta name=\"twitter:label1\" content=\"Tiempo de lectura\" \/>\n\t<meta name=\"twitter:data1\" content=\"1 minuto\" \/>\n<script type=\"application\/ld+json\" class=\"yoast-schema-graph\">{\"@context\":\"https:\\\/\\\/schema.org\",\"@graph\":[{\"@type\":\"WebPage\",\"@id\":\"https:\\\/\\\/fundacionofreceunhogar.org\\\/index.php\\\/donar\\\/\",\"url\":\"https:\\\/\\\/fundacionofreceunhogar.org\\\/index.php\\\/donar\\\/\",\"name\":\"Dona, ayuda a cambiar vidas: \u00a1Haz tu donaci\u00f3n hoy!\",\"isPartOf\":{\"@id\":\"https:\\\/\\\/fundacionofreceunhogar.org\\\/#website\"},\"primaryImageOfPage\":{\"@id\":\"https:\\\/\\\/fundacionofreceunhogar.org\\\/index.php\\\/donar\\\/#primaryimage\"},\"image\":{\"@id\":\"https:\\\/\\\/fundacionofreceunhogar.org\\\/index.php\\\/donar\\\/#primaryimage\"},\"thumbnailUrl\":\"\",\"datePublished\":\"2023-02-11T16:47:43+00:00\",\"description\":\"Tu donaci\u00f3n puede marcar la diferencia en la vida de quienes m\u00e1s lo necesitan. \u00danete a nosotros y ayuda a construirles un futuro mejor.\",\"breadcrumb\":{\"@id\":\"https:\\\/\\\/fundacionofreceunhogar.org\\\/index.php\\\/donar\\\/#breadcrumb\"},\"inLanguage\":\"es\",\"potentialAction\":[{\"@type\":\"ReadAction\",\"target\":[\"https:\\\/\\\/fundacionofreceunhogar.org\\\/index.php\\\/donar\\\/\"]}]},{\"@type\":\"ImageObject\",\"inLanguage\":\"es\",\"@id\":\"https:\\\/\\\/fundacionofreceunhogar.org\\\/index.php\\\/donar\\\/#primaryimage\",\"url\":\"\",\"contentUrl\":\"\"},{\"@type\":\"BreadcrumbList\",\"@id\":\"https:\\\/\\\/fundacionofreceunhogar.org\\\/index.php\\\/donar\\\/#breadcrumb\",\"itemListElement\":[{\"@type\":\"ListItem\",\"position\":1,\"name\":\"Portada\",\"item\":\"https:\\\/\\\/fundacionofreceunhogar.org\\\/\"},{\"@type\":\"ListItem\",\"position\":2,\"name\":\"Donar\"}]},{\"@type\":\"WebSite\",\"@id\":\"https:\\\/\\\/fundacionofreceunhogar.org\\\/#website\",\"url\":\"https:\\\/\\\/fundacionofreceunhogar.org\\\/\",\"name\":\"My Shop\",\"description\":\"\",\"potentialAction\":[{\"@type\":\"SearchAction\",\"target\":{\"@type\":\"EntryPoint\",\"urlTemplate\":\"https:\\\/\\\/fundacionofreceunhogar.org\\\/?s={search_term_string}\"},\"query-input\":{\"@type\":\"PropertyValueSpecification\",\"valueRequired\":true,\"valueName\":\"search_term_string\"}}],\"inLanguage\":\"es\"}]}<\/script>\n<!-- \/ Yoast SEO plugin. -->","yoast_head_json":{"title":"Dona, ayuda a cambiar vidas: \u00a1Haz tu donaci\u00f3n hoy!","description":"Tu donaci\u00f3n puede marcar la diferencia en la vida de quienes m\u00e1s lo necesitan. \u00danete a nosotros y ayuda a construirles un futuro mejor.","robots":{"index":"index","follow":"follow","max-snippet":"max-snippet:-1","max-image-preview":"max-image-preview:large","max-video-preview":"max-video-preview:-1"},"canonical":"https:\/\/fundacionofreceunhogar.org\/index.php\/donar\/","og_locale":"es_ES","og_type":"article","og_title":"Dona, ayuda a cambiar vidas: \u00a1Haz tu donaci\u00f3n hoy!","og_description":"Tu donaci\u00f3n puede marcar la diferencia en la vida de quienes m\u00e1s lo necesitan. \u00danete a nosotros y ayuda a construirles un futuro mejor.","og_url":"https:\/\/fundacionofreceunhogar.org\/index.php\/donar\/","og_site_name":"My Shop","twitter_card":"summary_large_image","twitter_misc":{"Tiempo de lectura":"1 minuto"},"schema":{"@context":"https:\/\/schema.org","@graph":[{"@type":"WebPage","@id":"https:\/\/fundacionofreceunhogar.org\/index.php\/donar\/","url":"https:\/\/fundacionofreceunhogar.org\/index.php\/donar\/","name":"Dona, ayuda a cambiar vidas: \u00a1Haz tu donaci\u00f3n hoy!","isPartOf":{"@id":"https:\/\/fundacionofreceunhogar.org\/#website"},"primaryImageOfPage":{"@id":"https:\/\/fundacionofreceunhogar.org\/index.php\/donar\/#primaryimage"},"image":{"@id":"https:\/\/fundacionofreceunhogar.org\/index.php\/donar\/#primaryimage"},"thumbnailUrl":"","datePublished":"2023-02-11T16:47:43+00:00","description":"Tu donaci\u00f3n puede marcar la diferencia en la vida de quienes m\u00e1s lo necesitan. \u00danete a nosotros y ayuda a construirles un futuro mejor.","breadcrumb":{"@id":"https:\/\/fundacionofreceunhogar.org\/index.php\/donar\/#breadcrumb"},"inLanguage":"es","potentialAction":[{"@type":"ReadAction","target":["https:\/\/fundacionofreceunhogar.org\/index.php\/donar\/"]}]},{"@type":"ImageObject","inLanguage":"es","@id":"https:\/\/fundacionofreceunhogar.org\/index.php\/donar\/#primaryimage","url":"","contentUrl":""},{"@type":"BreadcrumbList","@id":"https:\/\/fundacionofreceunhogar.org\/index.php\/donar\/#breadcrumb","itemListElement":[{"@type":"ListItem","position":1,"name":"Portada","item":"https:\/\/fundacionofreceunhogar.org\/"},{"@type":"ListItem","position":2,"name":"Donar"}]},{"@type":"WebSite","@id":"https:\/\/fundacionofreceunhogar.org\/#website","url":"https:\/\/fundacionofreceunhogar.org\/","name":"My Shop","description":"","potentialAction":[{"@type":"SearchAction","target":{"@type":"EntryPoint","urlTemplate":"https:\/\/fundacionofreceunhogar.org\/?s={search_term_string}"},"query-input":{"@type":"PropertyValueSpecification","valueRequired":true,"valueName":"search_term_string"}}],"inLanguage":"es"}]}},"_links":{"self":[{"href":"https:\/\/fundacionofreceunhogar.org\/index.php\/wp-json\/wp\/v2\/pages\/683","targetHints":{"allow":["GET"]}}],"collection":[{"href":"https:\/\/fundacionofreceunhogar.org\/index.php\/wp-json\/wp\/v2\/pages"}],"about":[{"href":"https:\/\/fundacionofreceunhogar.org\/index.php\/wp-json\/wp\/v2\/types\/page"}],"author":[{"embeddable":true,"href":"https:\/\/fundacionofreceunhogar.org\/index.php\/wp-json\/wp\/v2\/users\/2"}],"replies":[{"embeddable":true,"href":"https:\/\/fundacionofreceunhogar.org\/index.php\/wp-json\/wp\/v2\/comments?post=683"}],"version-history":[{"count":0,"href":"https:\/\/fundacionofreceunhogar.org\/index.php\/wp-json\/wp\/v2\/pages\/683\/revisions"}],"wp:featuredmedia":[{"embeddable":true,"href":"https:\/\/fundacionofreceunhogar.org\/index.php\/wp-json\/"}],"wp:attachment":[{"href":"https:\/\/fundacionofreceunhogar.org\/index.php\/wp-json\/wp\/v2\/media?parent=683"}],"curies":[{"name":"wp","href":"https:\/\/api.w.org\/{rel}","templated":true}]}}